{"id":1172,"date":"2022-04-07T13:49:24","date_gmt":"2022-04-07T11:49:24","guid":{"rendered":"http:\/\/ministryofbeauty.eu.w01eb8f9.kasserver.com\/?page_id=1172"},"modified":"2022-04-07T13:54:46","modified_gmt":"2022-04-07T11:54:46","slug":"datenschutz","status":"publish","type":"page","link":"https:\/\/ministryofbeauty.eu\/de\/datenschutz\/","title":{"rendered":"datenschutz"},"content":{"rendered":"\n<style type=\"text\/css\" data-created_by=\"avia_inline_auto\" id=\"style-css-av-67mt0e-692dbc703bedc97e0e0b1f6a7d05cee3\">\n.avia-section.av-67mt0e-692dbc703bedc97e0e0b1f6a7d05cee3{\nbackground-color:#344652;\nbackground-image:unset;\n}\n<\/style>\n<div id='av_section_1'  class='avia-section av-67mt0e-692dbc703bedc97e0e0b1f6a7d05cee3 main_color avia-section-small avia-no-border-styling  avia-builder-el-0  avia-builder-el-no-sibling  avia-bg-style-fixed container_wrap fullsize'  ><div class='container av-section-cont-open' ><main  role=\"main\" itemprop=\"mainContentOfPage\"  class='template-page content  av-content-full alpha units'><div class='post-entry post-entry-type-page post-entry-1172'><div class='entry-content-wrapper clearfix'>\n\n<style type=\"text\/css\" data-created_by=\"avia_inline_auto\" id=\"style-css-av-63z3hy-fd45e76d0ad3205b92fe6bf8be6768e7\">\n#top .hr.hr-invisible.av-63z3hy-fd45e76d0ad3205b92fe6bf8be6768e7{\nheight:30px;\n}\n<\/style>\n<div  class='hr av-63z3hy-fd45e76d0ad3205b92fe6bf8be6768e7 hr-invisible  avia-builder-el-1  el_before_av_heading  avia-builder-el-first '><span class='hr-inner '><span class=\"hr-inner-style\"><\/span><\/span><\/div>\n\n<style type=\"text\/css\" data-created_by=\"avia_inline_auto\" id=\"style-css-av-5tmiou-b96922b06f1cbb45ac9a66d6fc3ad34a\">\n#top .av-special-heading.av-5tmiou-b96922b06f1cbb45ac9a66d6fc3ad34a{\npadding-bottom:10px;\ncolor:#ffffff;\nfont-size:54px;\n}\nbody .av-special-heading.av-5tmiou-b96922b06f1cbb45ac9a66d6fc3ad34a .av-special-heading-tag .heading-char{\nfont-size:25px;\n}\n#top #wrap_all .av-special-heading.av-5tmiou-b96922b06f1cbb45ac9a66d6fc3ad34a .av-special-heading-tag{\nfont-size:54px;\n}\n.av-special-heading.av-5tmiou-b96922b06f1cbb45ac9a66d6fc3ad34a .special-heading-inner-border{\nborder-color:#ffffff;\n}\n.av-special-heading.av-5tmiou-b96922b06f1cbb45ac9a66d6fc3ad34a .av-subheading{\nfont-size:15px;\n}\n\n@media only screen and (min-width: 480px) and (max-width: 767px){ \n#top #wrap_all .av-special-heading.av-5tmiou-b96922b06f1cbb45ac9a66d6fc3ad34a .av-special-heading-tag{\nfont-size:0.8em;\n}\n}\n\n@media only screen and (max-width: 479px){ \n#top #wrap_all .av-special-heading.av-5tmiou-b96922b06f1cbb45ac9a66d6fc3ad34a .av-special-heading-tag{\nfont-size:0.8em;\n}\n}\n<\/style>\n<div  class='av-special-heading av-5tmiou-b96922b06f1cbb45ac9a66d6fc3ad34a av-special-heading-h1 custom-color-heading blockquote modern-quote  avia-builder-el-2  el_after_av_hr  el_before_av_hr  av-inherit-size'><h1 class='av-special-heading-tag '  itemprop=\"headline\"  >Datenschutz<\/h1><div class=\"special-heading-border\"><div class=\"special-heading-inner-border\"><\/div><\/div><\/div>\n\n<style type=\"text\/css\" data-created_by=\"avia_inline_auto\" id=\"style-css-av-5qk8s6-cef725fcccce35e223f2d9a9dfb99df5\">\n#top .hr.av-5qk8s6-cef725fcccce35e223f2d9a9dfb99df5{\nmargin-top:10px;\nmargin-bottom:30px;\n}\n.hr.av-5qk8s6-cef725fcccce35e223f2d9a9dfb99df5 .hr-inner{\nwidth:100%;\nborder-color:#ffffff;\n}\n<\/style>\n<div  class='hr av-5qk8s6-cef725fcccce35e223f2d9a9dfb99df5 hr-custom  avia-builder-el-3  el_after_av_heading  el_before_av_textblock  hr-center hr-icon-no'><span class='hr-inner inner-border-av-border-thin'><span class=\"hr-inner-style\"><\/span><\/span><\/div>\n<section  class='av_textblock_section av-l1ox864z-58d2fcb4fb05cfa8612e7f705b837ca0 '   itemscope=\"itemscope\" itemtype=\"https:\/\/schema.org\/CreativeWork\" ><div class='avia_textblock'  itemprop=\"text\" ><p>Diese Datenschutzerkl\u00e4rung kl\u00e4rt \u00fcber Art, Umfang und Zweck der Erhebung und Verwendung von Daten von Besuchern und Nutzern (nachfolgend zusammenfassend \u201eNutzer\u201c genannt) durch \u201eMoB Ministry of Beauty GmbH, Obere Donaustra\u00dfe 65\/10<br \/>\n1020 Wien\u201c (nachfolgend \u201eAnbieter\u201c) als datenschutzrechtlich verantwortliche Stelle.<\/p>\n<p>Bei Fragen zum Datenschutz erreichen Sie uns werktags von 8:00 bis 15:00 Uhr. unter der Telefonnummer +43 664 3550871 oder per E-Mail unter office [at] Ministryofbeauty [dot] eu.<\/p>\n<p><strong>Erhebung von Zugriffsdaten<\/strong><br \/>\nDer Anbieter erhebt Daten \u00fcber jeden Zugriff auf das Onlineangebot (so genannte Serverlogfiles). Zu den Zugriffsdaten geh\u00f6ren Name der abgerufenen Webseite, Datei, Datum und Uhrzeit des Abrufs, \u00fcbertragene Datenmenge, Meldung \u00fcber erfolgreichen Abruf, Browsertyp nebst Version, das Betriebssystem des Nutzers, Referrer URL (die zuvor besuchte Seite), IP-Adresse und der anfragende Provider .<br \/>\nDer Anbieter verwendet die Protokolldaten ohne Zuordnung zur Person des Nutzers oder sonstiger Profilerstellung entsprechend den gesetzlichen Bestimmungen nur f\u00fcr statistische Auswertungen zum Zweck des Betriebs, der Sicherheit und der Optimierung des Onlineangebotes. Der Anbieter beh\u00e4lt sich jedoch vor, die Protokolldaten nachtr\u00e4glich zu \u00fcberpr\u00fcfen, wenn aufgrund konkreter Anhaltspunkte der berechtigte Verdacht einer rechtswidrigen Nutzung besteht.<\/p>\n<p><strong>Erhebung und Verwendung personenbezogener Daten<\/strong><\/p>\n<p>Personenbezogene Daten werden von dem Anbieter nur dann erhoben und genutzt, wenn dies gesetzlich erlaubt ist oder die Nutzer in die Datenerhebung einwilligen. In der Regel ist f\u00fcr den Nutzer bei der Nutzung des Dienstes erkennbar, welche Daten gespeichert werden, beispielsweise Name, E-Mail-Adresse und Nachricht bei Nutzung des Bestellformulars.<br \/>\nDie zum Zwecke der Bestellung von Waren mitgeteilten personenbezogenen Daten (wie zum Beispiel Name, E-Mail-Adresse, Anschrift, Zahlungsdaten) werden vom Verk\u00e4ufer zur Erf\u00fcllung und Abwicklung des Vertrags verwendet. Diese Daten werden vertraulich behandelt, verschl\u00fcsselt \u00fcbertragen und nicht an Dritte weitergegeben, die nicht am Bestell-, Auslieferungs- und Zahlungsvorgang beteiligt sind.<br \/>\nBei der Kontaktaufnahme mit dem Anbieter (per Kontaktformular oder E-Mail) werden die Angaben des Nutzers zwecks Bearbeitung der Anfrage sowie f\u00fcr den Fall, dass Anschlussfragen entstehen, gespeichert.<br \/>\nDer Anbieter hat organisatorische, vertragliche und technische Sicherheitsma\u00dfnahmen getroffen, um sicherzustellen, dass die Vorschriften der Datenschutzgesetze eingehalten werden und eine zuf\u00e4llige oder vors\u00e4tzliche Manipulation, Verlust, Zerst\u00f6rung oder der Zugriff unberechtigter Personen verhindert wird.<\/p>\n<p><strong>Datenweitergabe an Dritte<\/strong><\/p>\n<p>Nutzerdaten werden nur dann an Dritte weitergegeben, wenn dies gesetzlich erlaubt ist oder ein Nutzer in die Weitergabe eingewilligt hat.<br \/>\nDas ist beispielsweise der Fall, wenn die Weitergabe der Daten der Erf\u00fcllung vertraglicher Verpflichtungen gegen\u00fcber dem Nutzer dient und die Postadresse nach einer Shopbestellung an ein Speditionsunternehmen \u00fcbergeben wird. Oder wenn die Daten von zust\u00e4ndigen Beh\u00f6rden wie Strafverfolgungsbeh\u00f6rden angefordert werden.<br \/>\nIn keinem Fall werden die personenbezogenen Daten der Nutzer verkauft oder zu Werbezwecken oder zur Erstellung von Nutzerprofilen an Dritte weitergegeben.<\/p>\n<p><strong>Cookies<\/strong><\/p>\n<p>Der Anbieter verwendet im Rahmen seines Onlineangebotes \u201eCookies\u201c. Cookies sind kleine Dateien, die auf dem Computer des Nutzers abgelegt werden und Informationen f\u00fcr Anbieter speichern k\u00f6nnen. Tempor\u00e4re Cookies werden nach dem Schlie\u00dfen des Browsers gel\u00f6scht, permanente Cookies bleiben f\u00fcr einen bestimmten Zeitraum erhalten und k\u00f6nnen die gespeicherten Informationen bei einem erneuten Aufruf des Onlineangebotes zur Verf\u00fcgung stellen.<br \/>\nCookies dienen einerseits dazu, die Nutzung des Dienstes zu erleichtern. Ein Cookie speichert den Status des Warenkorbs eines Benutzers.<br \/>\nDer Nutzer kann den Einsatz von Cookies beeinflussen. Die meisten Browser verf\u00fcgen eine Option mit der das Speichern von Cookies eingeschr\u00e4nkt oder komplett verhindert wird. Der Anbieter bem\u00fcht sich, das Onlineangebot so zu gestalten, dass der Einsatz von Cookies nicht notwendig ist. Allerdings wird darauf hingewiesen, dass die Nutzung und insbesondere der Nutzungskomfort ohne Cookies eingeschr\u00e4nkt werden.<\/p>\n<p><strong>Versand von Informationen per Newsletter<\/strong><\/p>\n<p>E-Mails mit informativen und\/oder werblichen Informationen \u00fcber den Anbieter und seine Leistungen werden nur mit ausdr\u00fccklicher Zustimmung des Nutzers versendet. Nutzer k\u00f6nnen dem Erhalt des Newsletters jederzeit widersprechen. Eine Widerspruchsm\u00f6glichkeit findet sich in jeder E-Mail.<br \/>\nVor dem Versand des Newsletters erh\u00e4lt der E-Mail-Inhaber eine Best\u00e4tigungs-E-Mail, in der er die Anmeldung zum Newsletter best\u00e4tigen muss (au\u00dfer am Ende des Bestellformulars). Unbest\u00e4tigte Anmeldungen werden sp\u00e4testens nach vier Wochen automatisch gel\u00f6scht.<\/p>\n<p>Werbeinformationen sind keine Mitteilungen im Rahmen der Vertragsbeziehung mit dem Nutzer. Darunter fallen die Zusendung von technischen Informationen, Informationen zur Zahlungsabwicklung, Anfragen zu Bestellungen und vergleichbare Mitteilungen.<br \/>\nNutzer k\u00f6nnen nachtr\u00e4glich die Streichung aus der Benachrichtigungsliste per E-Mail an die oben angegebenen Kontaktm\u00f6glichkeiten beantragen.<br \/>\nIm Rahmen der Anmeldung speichert der Anbieter den Anmelde- und Best\u00e4tigungszeitpunkt und die IP-Adresse des Nutzers.<\/p>\n<p>Der Anbieter ist gesetzlich verpflichtet, die Anmeldungen zu protokollieren, um eine ordnungsgem\u00e4\u00dfe Anmeldung nachweisen zu k\u00f6nnen.<\/p>\n<p><strong>Google Analytics<\/strong><\/p>\n<p>Der Anbieter benutzt Google Analytics, einen Webanalysedienst der Google Inc. (\u201eGoogle\u201c). Google Analytics verwendet sog. \u201eCookies\u201c, Textdateien, die auf dem Computer der Nutzer gespeichert werden und die eine Analyse der Benutzung der Website durch Sie erm\u00f6glichen. Die durch den Cookie erzeugten Informationen \u00fcber Benutzung dieser Website durch die Benutzer werden in der Regel an einen Server von Google in den USA \u00fcbertragen und dort gespeichert.<br \/>\nIm Falle der Aktivierung der IP-Anonymisierung auf dieser Webseite, wird die IP-Adresse der Nutzer von Google innerhalb von Mitgliedstaaten der Europ\u00e4ischen Union oder in anderen Vertragsstaaten des Abkommens \u00fcber den Europ\u00e4ischen Wirtschaftsraum zuvor gek\u00fcrzt. Nur in Ausnahmef\u00e4llen wird die volle IP-Adresse an einen Server von Google in den USA \u00fcbertragen und dort gek\u00fcrzt. Die IP-Anonymisierung ist auf dieser Website aktiv. Im Auftrag des Betreibers dieser Website wird Google diese Informationen benutzen, um die Nutzung der Website durch die Nutzer auszuwerten, um Reports \u00fcber die Website-Aktivit\u00e4ten zusammenzustellen und um weitere mit der Website-Nutzung und der Internetnutzung verbundene Dienstleistungen gegen\u00fcber dem Website-Betreiber zu erbringen.<br \/>\nDie im Rahmen von Google Analytics von Ihrem Browser \u00fcbermittelte IP-Adresse wird nicht mit anderen Daten von Google zusammengef\u00fchrt. Nutzer k\u00f6nnen die Speicherung der Cookies durch eine entsprechende Einstellung Ihrer Browser-Software verhindern; Der Anbieter weist die Nutzer jedoch darauf hin, dass Sie in diesem Fall gegebenenfalls nicht s\u00e4mtliche Funktionen dieser Website vollumf\u00e4nglich werden nutzen k\u00f6nnen. Nutzer k\u00f6nnen au\u00dferdem verhindern, dass die durch das Cookie erzeugten und auf ihre Nutzung der Website bezogenen Daten (inkl. ihrer IP-Adresse) an Google gesendet und von Google verarbeitet werden, indem sie das unter dem folgenden Link verf\u00fcgbare Browser-Plugin herunterladen und herunterladen installieren: https:\/\/tools.google.com\/dlpage\/gaoptout.<\/p>\n<p><strong>Verwendung von Facebook Social Plugins<\/strong><\/p>\n<p>Dieses Onlineangebot verwendet Social Plugins (\u201ePlugins\u201c) des sozialen Netzwerkes facebook.com, das von der Facebook Inc., 1601 S. California Ave, Palo Alto, CA 94304, USA betrieben wird (\u201eFacebook\u201c). Die Plugins sind an einem der Facebook Logos erkennbar (wei\u00dfes \u201ef\u201c auf blauer Kachel oder ein \u201eDaumen hoch\u201c-Zeichen) oder sind mit dem Zusatz \u201eFacebook Social Plugin\u201c gekennzeichnet. Die Liste und das Aussehen der Facebook Social Plugins kann hier eingesehen werden: https:\/\/developers.facebook.com\/docs\/plugins\/.<br \/>\nWenn ein Nutzer eine Webseite dieses Onlineangebotes aufruft, die ein solches Plugin enth\u00e4lt, baut sein Browser eine direkte Verbindung mit den Servern von Facebook auf. Der Inhalt des Plugins wird von Facebook direkt an den Browser des Nutzers \u00fcbermittelt und von diesem in die Webseite eingebunden. Der Anbieter hat daher keinen Einfluss auf den Umfang der Daten, die Facebook mit Hilfe dieses Plugins erhebt und informiert die Nutzer daher entsprechend ihrem Kenntnisstand: Durch die Einbindung des Plugins erh\u00e4lt Facebook die Information, dass ein Nutzer die entsprechende Seite aufgerufen hat des Online-Angebots. Ist der Nutzer bei Facebook eingeloggt, kann Facebook den Besuch seinem Facebook-Konto zuordnen. Wenn Nutzer mit den Plugins interagieren, zum Beispiel den Like Button bet\u00e4tigen oder einen Kommentar abgeben, wird die entsprechende Information von Ihrem Browser direkt an Facebook \u00fcbermittelt und dort gespeichert. Falls ein Nutzer kein Mitglied von Facebook ist, besteht trotzdem die M\u00f6glichkeit, dass Facebook seine IP-Adresse in Erfahrung bringt und speichert. Laut Facebook wird in Deutschland nur eine anonymisierte IP-Adresse gespeichert.<br \/>\nZweck und Umfang der Datenerhebung und die weitere Verarbeitung und Nutzung der Daten durch Facebook sowie die diesbez\u00fcglichen Rechte und Einstellungsm\u00f6glichkeiten zum Schutz der Privatsph\u00e4re der Nutzer k\u00f6nnen den Datenschutzhinweisen von Facebook entnommen werden: https:\/\/ www.facebook.com\/about\/privacy\/ .<br \/>\nWenn ein Nutzer Facebookmitglied ist und nicht m\u00f6chte, dass Facebook \u00fcber dieses Onlineangebot Daten \u00fcber ihn sammelt und mit seinen bei Facebook gespeicherten Mitgliedsdaten verkn\u00fcpft, muss er sich vor dem Besuch des Internetauftritts bei Facebook ausloggen und entsprechende Facebook-Cookies l\u00f6schen.<\/p>\n<p>Ebenfalls ist es m\u00f6glich Facebook-Social-Plugins mit Add-ons f\u00fcr den Browser zu blocken, zum Beispiel mit dem \u201eFacebook Blocker\u201c.<\/p>\n<p><strong>+1-Schaltfl\u00e4che von Google+<\/strong><\/p>\n<p>Dieses Onlineangebot verwendet die Schaltfl\u00e4chen des sozialen Netzwerkes Google+ (z.B. \u201e+1\u201c-Schaltfl\u00e4che), das von der Google Inc., 1600 Amphitheatre Parkway, Mountain View, CA 94043, United States (\u201eGoogle\u201c) betrieben wird. Wenn ein Nutzer eine Webseite dieses Onlineangebotes aufruft, die eine solche Schaltfl\u00e4che enth\u00e4lt, baut der Browser eine direkte Verbindung mit den Servern von Google auf. Der Inhalt der Schaltfl\u00e4chen wird von Google direkt an Ihren Browser \u00fcbermittelt und von diesem in die Website eingebunden. Der Anbieter hat daher keinen Einfluss auf den Umfang der Daten, die Google mit den Schaltfl\u00e4chen erhebt.<br \/>\nLaut Google werden ohne einen Klick auf die Schaltfl\u00e4che keine personenbezogenen Daten erhoben. Nur bei eingeloggten Mitgliedern von Google+ werden solche Daten, unter anderem die IP-Adresse, erhoben und verarbeitet.<\/p>\n<p>Zweck und Umfang der Datenerhebung und die weitere Verarbeitung und Nutzung der Daten durch Google sowie die Einstellungsm\u00f6glichkeiten zum Schutz Ihrer Privatsph\u00e4re entnehmen Sie bitte Googles Datenschutzhinweisen zu der \u201e+1\u201c-Schaltfl\u00e4che: http:\/\/ \/www.google.com \/intl\/de\/+\/policy\/+1button.html und die FAQ: http:\/\/bit.ly\/r3Qmer. Wenn ein Nutzer Google+ Mitglied ist und nicht m\u00f6chte, dass Google \u00fcber diese Website Daten \u00fcber ihn sammelt und mit Ihren bei Google gespeicherten Mitgliedsdaten verkn\u00fcpft, muss sich der Nutzer vor dem Besuch dieser Website bei Google Plus ausloggen und Google-eigene Cookies setzen im Browser l\u00f6schen.<\/p>\n<p><strong>Nutzung der Twitter-Buttons<\/strong><\/p>\n<p>Auf diesem Onlineangebot werden die Schaltfl\u00e4chen des Dienstes Twitter verwendet. Diese Schaltfl\u00e4chen (z. B. \u201eTweet\u201c oder \u201eFolgen\u201c) werden angeboten von Twitter Inc., 795 Folsom St., Suite 600, San Francisco, CA 94107, USA.<br \/>\nWenn ein Nutzer eine Webseite dieses Internetauftritts aufruft, die eine solche Schaltfl\u00e4che enth\u00e4lt, baut sein Browser eine direkte Verbindung mit den Servern von Twitter auf. Der Inhalt der Twitter-Schaltfl\u00e4che wird von Twitter direkt an den Browser des Nutzers \u00fcbermittelt. Der Anbieter hat daher keinen Einfluss auf den Umfang der Daten, die Twitter mit Hilfe dieses Plugins erhebt und informiert die Nutzer entsprechend ihrem Kenntnisstand. Demnach werden beim Aufruf der Schaltfl\u00e4che lediglich die IP-Adresse des Nutzers und die URL der jeweiligen Website \u00fcbermittelt, aber nicht f\u00fcr andere Zwecke als die Darstellung der Schaltfl\u00e4che verwendet. Weitere Informationen hierzu finden Sie in der Datenschutzerkl\u00e4rung von Twitter unter http:\/\/twitter.com\/privacy.<\/p>\n<p><strong>Verwendung der Pinterest-Buttons<\/strong><br \/>\nAuf diesem Angebot werden die Schaltfl\u00e4chen (\u201ePin It\u201c) des Dienstes Pinterest, http:\/\/pinterest.com, verwendet. Mit Hilfe der Schaltfl\u00e4chen ist es den Nutzern m\u00f6glich, Beitr\u00e4ge des Anbieters auf ihren \u201ePinterest-Boards\u201c zu teilen.<br \/>\nWenn ein Nutzer eine Webseite aufruft, die eine \u201ePin It\u201c-Schaltfl\u00e4che enth\u00e4lt, baut sein Browser eine direkte Verbindung mit den Servern von Pinterest auf. Der Inhalt der \u201ePin It\u201c-Schaltfl\u00e4che wird von Pinterest direkt an den Browser des Nutzers \u00fcbermittelt. Der Anbieter hat daher keinen Einfluss auf den Umfang der Daten, die Pinterest mit Hilfe der \u201ePin It\u201c-Schaltfl\u00e4che erhebt und informiert die Nutzer entsprechend seinem Kenntnisstand. Demnach werden lediglich die IP-Adresse des Nutzers und die URL der jeweiligen Webseite \u00fcbermittelt, aber nur f\u00fcr die Darstellung des \u201ePin It\u201c-Buttons und das Teilen der Inhalte verwendet. Weitere Informationen hierzu finden Sie in der Datenschutzerkl\u00e4rung von Pinterest unter http:\/\/pinterest.com\/about\/privacy\/.<\/p>\n<p><strong>Widerruf, \u00c4nderungen, Berichtigungen und Aktualisierungen<\/strong><\/p>\n<p>Der Nutzer hat das Recht, auf Antrag unentgeltlich Auskunft \u00fcber die personenbezogenen Daten zu erhalten, die der Anbieter \u00fcber ihn gespeichert hat. Kontaktdaten finden Sie im Impressum des Anbieters.<br \/>\nZus\u00e4tzlich hat der Nutzer das Recht auf Berichtigung unrichtiger Daten, Sperrung und L\u00f6schung seiner personenbezogenen Daten, soweit dem keine gesetzliche Aufbewahrungspflicht entgegensteht.<\/p>\n<p><strong>\u00c4nderungen der Datenschutzrichtlinie<\/strong><br \/>\nDer Anbieter beh\u00e4lt sich vor, die Datenschutzerkl\u00e4rung zu \u00e4ndern, um sie an ge\u00e4nderte Rechtslagen, oder bei \u00c4nderungen des Dienstes sowie der Datenverarbeitung anzupassen.<\/p>\n<\/div><\/section>\n\n","protected":false},"excerpt":{"rendered":"","protected":false},"author":3,"featured_media":0,"parent":0,"menu_order":5,"comment_status":"closed","ping_status":"closed","template":"","meta":{"footnotes":""},"class_list":["post-1172","page","type-page","status-publish","hentry"],"_links":{"self":[{"href":"https:\/\/ministryofbeauty.eu\/de\/wp-json\/wp\/v2\/pages\/1172","targetHints":{"allow":["GET"]}}],"collection":[{"href":"https:\/\/ministryofbeauty.eu\/de\/wp-json\/wp\/v2\/pages"}],"about":[{"href":"https:\/\/ministryofbeauty.eu\/de\/wp-json\/wp\/v2\/types\/page"}],"author":[{"embeddable":true,"href":"https:\/\/ministryofbeauty.eu\/de\/wp-json\/wp\/v2\/users\/3"}],"replies":[{"embeddable":true,"href":"https:\/\/ministryofbeauty.eu\/de\/wp-json\/wp\/v2\/comments?post=1172"}],"version-history":[{"count":5,"href":"https:\/\/ministryofbeauty.eu\/de\/wp-json\/wp\/v2\/pages\/1172\/revisions"}],"predecessor-version":[{"id":1198,"href":"https:\/\/ministryofbeauty.eu\/de\/wp-json\/wp\/v2\/pages\/1172\/revisions\/1198"}],"wp:attachment":[{"href":"https:\/\/ministryofbeauty.eu\/de\/wp-json\/wp\/v2\/media?parent=1172"}],"curies":[{"name":"wp","href":"https:\/\/api.w.org\/{rel}","templated":true}]}}